{"id":2637,"date":"2025-01-26T20:39:41","date_gmt":"2025-01-26T20:39:41","guid":{"rendered":"https:\/\/termaspismantahotel-spa.com.ar\/?page_id=2637"},"modified":"2025-02-20T17:33:12","modified_gmt":"2025-02-20T17:33:12","slug":"historia-aguas-termales-de-pismanta","status":"publish","type":"page","link":"https:\/\/termaspismantahotel-spa.com.ar\/en\/spa\/historia-aguas-termales-de-pismanta\/","title":{"rendered":"Historia aguas termales de Pismanta"},"content":{"rendered":"\t\t<div data-elementor-type=\"wp-page\" data-elementor-id=\"2637\" class=\"elementor elementor-2637\">\n\t\t\t\t<div class=\"elementor-element elementor-element-4dea3a8 e-flex e-con-boxed e-con e-parent\" data-id=\"4dea3a8\" data-element_type=\"container\" data-e-type=\"container\" data-settings=\"{&quot;background_background&quot;:&quot;slideshow&quot;,&quot;background_slideshow_gallery&quot;:[{&quot;id&quot;:1650,&quot;url&quot;:&quot;https:\\\/\\\/termaspismantahotel-spa.com.ar\\\/wp-content\\\/uploads\\\/2024\\\/10\\\/Rio-cordillera-de-los-andes.jpg&quot;}],&quot;background_slideshow_loop&quot;:&quot;yes&quot;,&quot;background_slideshow_slide_duration&quot;:5000,&quot;background_slideshow_slide_transition&quot;:&quot;fade&quot;,&quot;background_slideshow_transition_duration&quot;:500}\">\n\t\t\t\t\t<div class=\"e-con-inner\">\n\t\t\t\t<div class=\"elementor-element elementor-element-ca2bee9 elementor-widget-divider--view-line elementor-widget elementor-widget-divider\" data-id=\"ca2bee9\" data-element_type=\"widget\" data-e-type=\"widget\" data-widget_type=\"divider.default\">\n\t\t\t\t<div class=\"elementor-widget-container\">\n\t\t\t\t\t\t\t<div class=\"elementor-divider\">\n\t\t\t<span class=\"elementor-divider-separator\">\n\t\t\t\t\t\t<\/span>\n\t\t<\/div>\n\t\t\t\t\t\t<\/div>\n\t\t\t\t<\/div>\n\t\t\t\t<div class=\"elementor-element elementor-element-c952b55 elementor-invisible elementor-widget elementor-widget-heading\" data-id=\"c952b55\" data-element_type=\"widget\" data-e-type=\"widget\" data-settings=\"{&quot;_animation&quot;:&quot;fadeInRight&quot;}\" data-widget_type=\"heading.default\">\n\t\t\t\t<div class=\"elementor-widget-container\">\n\t\t\t\t\t<h2 class=\"elementor-heading-title elementor-size-default\">Pismanta<\/h2>\t\t\t\t<\/div>\n\t\t\t\t<\/div>\n\t\t\t\t<div class=\"elementor-element elementor-element-ffee78e elementor-invisible elementor-widget elementor-widget-heading\" data-id=\"ffee78e\" data-element_type=\"widget\" data-e-type=\"widget\" data-settings=\"{&quot;_animation&quot;:&quot;fadeInRight&quot;}\" data-widget_type=\"heading.default\">\n\t\t\t\t<div class=\"elementor-widget-container\">\n\t\t\t\t\t<h2 class=\"elementor-heading-title elementor-size-default\">Lagrimas de un cacique<\/h2>\t\t\t\t<\/div>\n\t\t\t\t<\/div>\n\t\t\t\t\t<\/div>\n\t\t\t\t<\/div>\n\t\t<div class=\"elementor-element elementor-element-fb917a9 e-con-full e-flex e-con e-parent\" data-id=\"fb917a9\" data-element_type=\"container\" data-e-type=\"container\" data-settings=\"{&quot;background_background&quot;:&quot;classic&quot;}\">\n\t\t<div class=\"elementor-element elementor-element-8baf3b6 e-flex e-con-boxed e-con e-child\" data-id=\"8baf3b6\" data-element_type=\"container\" data-e-type=\"container\" data-settings=\"{&quot;background_background&quot;:&quot;classic&quot;}\">\n\t\t\t\t\t<div class=\"e-con-inner\">\n\t\t<div class=\"elementor-element elementor-element-fd872ab e-con-full e-flex e-con e-child\" data-id=\"fd872ab\" data-element_type=\"container\" data-e-type=\"container\">\n\t\t<div class=\"elementor-element elementor-element-1f4930d e-con-full e-flex e-con e-child\" data-id=\"1f4930d\" data-element_type=\"container\" data-e-type=\"container\">\n\t\t\t\t<div class=\"elementor-element elementor-element-0ca27bd elementor-widget-divider--view-line elementor-widget elementor-widget-divider\" data-id=\"0ca27bd\" data-element_type=\"widget\" data-e-type=\"widget\" data-widget_type=\"divider.default\">\n\t\t\t\t<div class=\"elementor-widget-container\">\n\t\t\t\t\t\t\t<div class=\"elementor-divider\">\n\t\t\t<span class=\"elementor-divider-separator\">\n\t\t\t\t\t\t<\/span>\n\t\t<\/div>\n\t\t\t\t\t\t<\/div>\n\t\t\t\t<\/div>\n\t\t\t\t<div class=\"elementor-element elementor-element-b81cb95 elementor-widget elementor-widget-heading\" data-id=\"b81cb95\" data-element_type=\"widget\" data-e-type=\"widget\" data-widget_type=\"heading.default\">\n\t\t\t\t<div class=\"elementor-widget-container\">\n\t\t\t\t\t<h2 class=\"elementor-heading-title elementor-size-default\">Pismanta<\/h2>\t\t\t\t<\/div>\n\t\t\t\t<\/div>\n\t\t\t\t<div class=\"elementor-element elementor-element-ac169a3 elementor-widget elementor-widget-heading\" data-id=\"ac169a3\" data-element_type=\"widget\" data-e-type=\"widget\" data-widget_type=\"heading.default\">\n\t\t\t\t<div class=\"elementor-widget-container\">\n\t\t\t\t\t<h2 class=\"elementor-heading-title elementor-size-default\">Lagrimas de un cacique<\/h2>\t\t\t\t<\/div>\n\t\t\t\t<\/div>\n\t\t\t\t<div class=\"elementor-element elementor-element-b4be114 elementor-widget elementor-widget-text-editor\" data-id=\"b4be114\" data-element_type=\"widget\" data-e-type=\"widget\" data-widget_type=\"text-editor.default\">\n\t\t\t\t<div class=\"elementor-widget-container\">\n\t\t\t\t\t\t\t\t\t<p>Se cuenta que Pismanta, el cacique m\u00e1s recordado por su bondad, nunca pudo aceptar la llegada al Valle de Tulum de los conquistadores. No ten\u00eda esp\u00edritu guerrero, pasaba largas horas a la orilla del r\u00edo pescando para alimentar a los suyos o simplemente mirando la grandeza de la monta\u00f1a, alabando a la Pachamama.<\/p>\n<p>Un d\u00eda los dioses le anunciaron lo que ocurrir\u00eda en \u00e9sta su tierra. Sinti\u00f3 que esos extranjeros se quedar\u00edan para siempre y que terminar\u00edan con su raza. Su dolor fue incalculable y el valiente dio libertad a sus instintos brav\u00edos pues no pod\u00eda soportar la idea de ver su tierra y su raza pisoteada por el espa\u00f1ol.<\/p>\n<p>Una y otra vez se enfrent\u00f3 a los soldados castellanos cuyos pechos parec\u00edan reflejar el sol cuando ven\u00edan en frente de batalla. Pero tambi\u00e9n una y otra vez. vio diezmadas sus tropas y muertos a sus propios amigos.<\/p>\n<p>Luego, esos mismos soldados contra quienes luchaba, no s\u00f3lo se apoderaron de la tierra sino que tambi\u00e9n lograron conquistar algunos de los suyos. Para ese entonces el cacique Angaco, se les hab\u00eda unido. En ese momento, Pismanta tom\u00f3 la decisi\u00f3n que dar\u00eda origen a la leyenda.<\/p>\n<p>Para no seguir siendo humillado por los conquistadores, para que los usurpadores no osaran rozar su figura de Se\u00f1or Huarpe y verdadero due\u00f1o de las tierras y mucho menos que menoscabaran su condici\u00f3n de cacique, se retir\u00f3 hasta un lugar llamado Angualasto. All\u00ed, en una cueva que casi nadie conoc\u00eda, se encerr\u00f3 con toda su familia a esperar la muerte.<\/p>\n<p>Dicen, los antiguos del lugar, que luego de unos d\u00edas se escuch\u00f3 un fuerte temblor acompa\u00f1ado de un estruendo. Una gran grieta se abri\u00f3 en la roca que sellaba la caverna y por ella comenz\u00f3 a fluir un hilo de agua caliente.<\/p>\n<p>Narran algunos, que esas aguas que brotan son las l\u00e1grimas del cacique. Calientes porque brotan del coraz\u00f3n mismo de la tierra (la Pachamama) que acogi\u00f3 en su seno a tan ardiente defensor de su raza. Adem\u00e1s son continuas como una queja silenciosa y constante que nos recuerda que all\u00ed qued\u00f3 un valiente que prefiri\u00f3 dar la vida antes que traicionar a sus ideales.<span style=\"font-style: inherit; font-weight: inherit; text-align: left; background-color: rgba(255, 255, 255, 0);\">&nbsp;<\/span><\/p>\n<p><img fetchpriority=\"high\" decoding=\"async\" class=\"alignnone wp-image-2799 size-full\" src=\"https:\/\/termaspismantahotel-spa.com.ar\/wp-content\/uploads\/2025\/02\/Logo-web-1.png\" alt=\"\" width=\"800\" height=\"200\" style=\"font-style: inherit; font-weight: inherit; text-align: left; background-color: rgba(255, 255, 255, 0);\" srcset=\"https:\/\/termaspismantahotel-spa.com.ar\/wp-content\/uploads\/2025\/02\/Logo-web-1.png 800w, https:\/\/termaspismantahotel-spa.com.ar\/wp-content\/uploads\/2025\/02\/Logo-web-1-300x75.png 300w, https:\/\/termaspismantahotel-spa.com.ar\/wp-content\/uploads\/2025\/02\/Logo-web-1-768x192.png 768w, https:\/\/termaspismantahotel-spa.com.ar\/wp-content\/uploads\/2025\/02\/Logo-web-1-18x5.png 18w\" sizes=\"(max-width: 800px) 100vw, 800px\" \/><\/p>\t\t\t\t\t\t\t\t<\/div>\n\t\t\t\t<\/div>\n\t\t\t\t<\/div>\n\t\t\t\t<\/div>\n\t\t\t\t\t<\/div>\n\t\t\t\t<\/div>\n\t\t\t\t<\/div>\n\t\t\t\t<\/div>\n\t\t","protected":false},"excerpt":{"rendered":"<p>Pismanta Lagrimas de un cacique Pismanta Lagrimas de un cacique Se cuenta que Pismanta, el cacique m\u00e1s recordado por su [&hellip;]<\/p>\n","protected":false},"author":3,"featured_media":0,"parent":2600,"menu_order":0,"comment_status":"closed","ping_status":"closed","template":"","meta":{"site-sidebar-layout":"default","site-content-layout":"","ast-site-content-layout":"default","site-content-style":"default","site-sidebar-style":"default","ast-global-header-display":"","ast-banner-title-visibility":"","ast-main-header-display":"","ast-hfb-above-header-display":"","ast-hfb-below-header-display":"","ast-hfb-mobile-header-display":"","site-post-title":"","ast-breadcrumbs-content":"","ast-featured-img":"","footer-sml-layout":"","ast-disable-related-posts":"","theme-transparent-header-meta":"","adv-header-id-meta":"","stick-header-meta":"","header-above-stick-meta":"","header-main-stick-meta":"","header-below-stick-meta":"","astra-migrate-meta-layouts":"default","ast-page-background-enabled":"default","ast-page-background-meta":{"desktop":{"background-color":"var(--ast-global-color-4)","background-image":"","background-repeat":"repeat","background-position":"center center","background-size":"auto","background-attachment":"scroll","background-type":"","background-media":"","overlay-type":"","overlay-color":"","overlay-opacity":"","overlay-gradient":""},"tablet":{"background-color":"","background-image":"","background-repeat":"repeat","background-position":"center center","background-size":"auto","background-attachment":"scroll","background-type":"","background-media":"","overlay-type":"","overlay-color":"","overlay-opacity":"","overlay-gradient":""},"mobile":{"background-color":"","background-image":"","background-repeat":"repeat","background-position":"center center","background-size":"auto","background-attachment":"scroll","background-type":"","background-media":"","overlay-type":"","overlay-color":"","overlay-opacity":"","overlay-gradient":""}},"ast-content-background-meta":{"desktop":{"background-color":"var(--ast-global-color-5)","background-image":"","background-repeat":"repeat","background-position":"center center","background-size":"auto","background-attachment":"scroll","background-type":"","background-media":"","overlay-type":"","overlay-color":"","overlay-opacity":"","overlay-gradient":""},"tablet":{"background-color":"var(--ast-global-color-5)","background-image":"","background-repeat":"repeat","background-position":"center center","background-size":"auto","background-attachment":"scroll","background-type":"","background-media":"","overlay-type":"","overlay-color":"","overlay-opacity":"","overlay-gradient":""},"mobile":{"background-color":"var(--ast-global-color-5)","background-image":"","background-repeat":"repeat","background-position":"center center","background-size":"auto","background-attachment":"scroll","background-type":"","background-media":"","overlay-type":"","overlay-color":"","overlay-opacity":"","overlay-gradient":""}},"_joinchat":[],"footnotes":""},"class_list":["post-2637","page","type-page","status-publish","hentry"],"_links":{"self":[{"href":"https:\/\/termaspismantahotel-spa.com.ar\/en\/wp-json\/wp\/v2\/pages\/2637","targetHints":{"allow":["GET"]}}],"collection":[{"href":"https:\/\/termaspismantahotel-spa.com.ar\/en\/wp-json\/wp\/v2\/pages"}],"about":[{"href":"https:\/\/termaspismantahotel-spa.com.ar\/en\/wp-json\/wp\/v2\/types\/page"}],"author":[{"embeddable":true,"href":"https:\/\/termaspismantahotel-spa.com.ar\/en\/wp-json\/wp\/v2\/users\/3"}],"replies":[{"embeddable":true,"href":"https:\/\/termaspismantahotel-spa.com.ar\/en\/wp-json\/wp\/v2\/comments?post=2637"}],"version-history":[{"count":61,"href":"https:\/\/termaspismantahotel-spa.com.ar\/en\/wp-json\/wp\/v2\/pages\/2637\/revisions"}],"predecessor-version":[{"id":2841,"href":"https:\/\/termaspismantahotel-spa.com.ar\/en\/wp-json\/wp\/v2\/pages\/2637\/revisions\/2841"}],"up":[{"embeddable":true,"href":"https:\/\/termaspismantahotel-spa.com.ar\/en\/wp-json\/wp\/v2\/pages\/2600"}],"wp:attachment":[{"href":"https:\/\/termaspismantahotel-spa.com.ar\/en\/wp-json\/wp\/v2\/media?parent=2637"}],"curies":[{"name":"wp","href":"https:\/\/api.w.org\/{rel}","templated":true}]}}